{"id":148,"date":"2020-05-13T13:21:41","date_gmt":"2020-05-13T11:21:41","guid":{"rendered":"https:\/\/elblogdetribunatermal.wordpress.com\/?page_id=148"},"modified":"2021-03-23T11:30:13","modified_gmt":"2021-03-23T11:30:13","slug":"quienes-somos","status":"publish","type":"page","link":"https:\/\/www.tribunatermal.com\/blog\/quienes-somos\/","title":{"rendered":"\u00bfQUI\u00c9NES SOMOS?"},"content":{"rendered":"\n<figure class=\"wp-block-image size-large is-resized\"><img data-recalc-dims=\"1\" loading=\"lazy\" decoding=\"async\" src=\"https:\/\/i0.wp.com\/www.tribunatermal.com\/blog\/wp-content\/uploads\/2020\/05\/tere-4.jpg?resize=226%2C339&#038;ssl=1\" alt=\"\" class=\"wp-image-52\" width=\"226\" height=\"339\" srcset=\"https:\/\/i0.wp.com\/www.tribunatermal.com\/blog\/wp-content\/uploads\/2020\/05\/tere-4.jpg?resize=683%2C1024&amp;ssl=1 683w, https:\/\/i0.wp.com\/www.tribunatermal.com\/blog\/wp-content\/uploads\/2020\/05\/tere-4.jpg?resize=200%2C300&amp;ssl=1 200w, https:\/\/i0.wp.com\/www.tribunatermal.com\/blog\/wp-content\/uploads\/2020\/05\/tere-4.jpg?resize=768%2C1151&amp;ssl=1 768w, https:\/\/i0.wp.com\/www.tribunatermal.com\/blog\/wp-content\/uploads\/2020\/05\/tere-4.jpg?resize=1025%2C1536&amp;ssl=1 1025w, https:\/\/i0.wp.com\/www.tribunatermal.com\/blog\/wp-content\/uploads\/2020\/05\/tere-4.jpg?w=1134&amp;ssl=1 1134w, https:\/\/i0.wp.com\/www.tribunatermal.com\/blog\/wp-content\/uploads\/2020\/05\/tere-4.jpg?w=948&amp;ssl=1 948w\" sizes=\"auto, (max-width: 226px) 100vw, 226px\" \/><\/figure>\n\n\n\n<p>A cargo de este blog estar\u00e1 Teresa Pacheco, directora de Tribuna Termal desde su creaci\u00f3n en el a\u00f1o 2006.<br>Licenciada en periodismo y diplomada en documentaci\u00f3n por la Universidad Complutense de Madrid, Teresa lleva desde el a\u00f1o 1995 trabajando y especializ\u00e1ndose en turismo de salud y bienestar. Tras descubrir que viajar formaba parte de su ADN desde que iniciara su trayectoria laboral como asesora cultural y localizadora de puntos de rodaje en un programa de TVE, toda su vida laboral ha estado, de una u otra forma, ligada al viaje. Con media docena de gu\u00edas, sobre destinos de salud y bienestar, publicadas por la prestigiosa editorial El Pa\u00eds Aguilar, numerosas colaboraciones en revistas y programas de radio, medio centenar de ponencias en eventos nacionales e internacionales y una intensa labor en organizaci\u00f3n de jornadas y congresos sobre termalismo y wellness, Teresa conoce a fondo este sector tanto dentro como fuera de Espa\u00f1a y ha sabido tupir una buena red de contactos a nivel global.<br>Es presidenta de la Asociaci\u00f3n Iberoamericana de Termalismo y Bienestar AITB, desde su fundaci\u00f3n en enero de 2010 y miembro del equipo docente de la plataforma virtual de la AITB, desde la que se imparten cursos on-line sobre Turismo de Salud, Termalismo, Wellness e Hidrolog\u00eda M\u00e9dica.<\/p>\n\n\n\n<p><\/p>\n","protected":false},"excerpt":{"rendered":"<p>A cargo de este blog estar\u00e1 Teresa Pacheco, directora de Tribuna Termal desde su creaci\u00f3n en el a\u00f1o 2006.Licenciada en periodismo y diplomada en documentaci\u00f3n por la Universidad Complutense de Madrid, Teresa lleva desde el a\u00f1o 1995 trabajando y especializ\u00e1ndose en turismo de salud y bienestar. Tras descubrir que viajar formaba parte de su ADN &hellip; <a href=\"https:\/\/www.tribunatermal.com\/blog\/quienes-somos\/\" class=\"more-link\">Seguir leyendo <span class=\"screen-reader-text\">\u00bfQUI\u00c9NES SOMOS?<\/span> <span class=\"meta-nav\">&rarr;<\/span><\/a><\/p>\n","protected":false},"author":2,"featured_media":0,"parent":0,"menu_order":0,"comment_status":"closed","ping_status":"closed","template":"","meta":{"footnotes":""},"class_list":["post-148","page","type-page","status-publish","hentry"],"jetpack-related-posts":[],"jetpack_sharing_enabled":true,"jetpack_likes_enabled":true,"_links":{"self":[{"href":"https:\/\/www.tribunatermal.com\/blog\/wp-json\/wp\/v2\/pages\/148","targetHints":{"allow":["GET"]}}],"collection":[{"href":"https:\/\/www.tribunatermal.com\/blog\/wp-json\/wp\/v2\/pages"}],"about":[{"href":"https:\/\/www.tribunatermal.com\/blog\/wp-json\/wp\/v2\/types\/page"}],"author":[{"embeddable":true,"href":"https:\/\/www.tribunatermal.com\/blog\/wp-json\/wp\/v2\/users\/2"}],"replies":[{"embeddable":true,"href":"https:\/\/www.tribunatermal.com\/blog\/wp-json\/wp\/v2\/comments?post=148"}],"version-history":[{"count":2,"href":"https:\/\/www.tribunatermal.com\/blog\/wp-json\/wp\/v2\/pages\/148\/revisions"}],"predecessor-version":[{"id":650,"href":"https:\/\/www.tribunatermal.com\/blog\/wp-json\/wp\/v2\/pages\/148\/revisions\/650"}],"wp:attachment":[{"href":"https:\/\/www.tribunatermal.com\/blog\/wp-json\/wp\/v2\/media?parent=148"}],"curies":[{"name":"wp","href":"https:\/\/api.w.org\/{rel}","templated":true}]}}